{"id":96,"date":"2016-03-19T18:13:44","date_gmt":"2016-03-19T18:13:44","guid":{"rendered":"http:\/\/jesus-maria.org\/loyola\/?page_id=96"},"modified":"2021-02-07T18:03:25","modified_gmt":"2021-02-07T18:03:25","slug":"albergue","status":"publish","type":"page","link":"https:\/\/jesus-maria.org\/loyola\/albergue\/","title":{"rendered":"Albergue"},"content":{"rendered":"<ul style=\"list-style-type: disc;\">\n<li>4 Habitaciones con 7 literas dobles cada una, con zonas diferenciadas de duchas y servicios<\/li>\n<li>2 Habitaciones con dos camas y una litera doble, con ba\u00f1o incorporado cada habitaci\u00f3n<\/li>\n<li>2 Habitaciones individuales<\/li>\n<li>Espacio para reuni\u00f3n y esparcimiento<\/li>\n<li>Gran sala multiuso (talleres, comedor, reuniones) preparada para TV, Proyecciones\u2026<\/li>\n<li>Peque\u00f1o comedor con cocina equipada<\/li>\n<\/ul>\n<p><a title=\"Loyola\/albergue\" href=\"https:\/\/www.flickr.com\/photos\/166667297@N06\/albums\/72157718200636168\" data-flickr-embed=\"true\"><img loading=\"lazy\" decoding=\"async\" src=\"https:\/\/live.staticflickr.com\/65535\/50918616988_576593045d_z.jpg\" alt=\"Loyola\/albergue\" width=\"640\" height=\"480\"><\/a><script async=\"\" src=\"\/\/embedr.flickr.com\/assets\/client-code.js\" charset=\"utf-8\"><\/script><\/p>\n<p>&nbsp;<\/p>\n","protected":false},"excerpt":{"rendered":"<p>4 Habitaciones con 7 literas dobles cada una, con zonas diferenciadas de duchas y servicios 2 Habitaciones con dos camas y una litera doble, con ba\u00f1o incorporado cada habitaci\u00f3n 2 Habitaciones individuales Espacio para reuni\u00f3n y esparcimiento Gran sala multiuso (talleres, comedor, reuniones) preparada para TV, Proyecciones\u2026 Peque\u00f1o comedor con cocina equipada &nbsp;<\/p>\n","protected":false},"author":3,"featured_media":0,"parent":0,"menu_order":0,"comment_status":"closed","ping_status":"closed","template":"","meta":{"footnotes":""},"_links":{"self":[{"href":"https:\/\/jesus-maria.org\/loyola\/wp-json\/wp\/v2\/pages\/96"}],"collection":[{"href":"https:\/\/jesus-maria.org\/loyola\/wp-json\/wp\/v2\/pages"}],"about":[{"href":"https:\/\/jesus-maria.org\/loyola\/wp-json\/wp\/v2\/types\/page"}],"author":[{"embeddable":true,"href":"https:\/\/jesus-maria.org\/loyola\/wp-json\/wp\/v2\/users\/3"}],"replies":[{"embeddable":true,"href":"https:\/\/jesus-maria.org\/loyola\/wp-json\/wp\/v2\/comments?post=96"}],"version-history":[{"count":13,"href":"https:\/\/jesus-maria.org\/loyola\/wp-json\/wp\/v2\/pages\/96\/revisions"}],"predecessor-version":[{"id":793,"href":"https:\/\/jesus-maria.org\/loyola\/wp-json\/wp\/v2\/pages\/96\/revisions\/793"}],"wp:attachment":[{"href":"https:\/\/jesus-maria.org\/loyola\/wp-json\/wp\/v2\/media?parent=96"}],"curies":[{"name":"wp","href":"https:\/\/api.w.org\/{rel}","templated":true}]}}