{"id":41,"date":"2016-02-03T14:55:35","date_gmt":"2016-02-03T14:55:35","guid":{"rendered":"http:\/\/jesus-maria.org\/loyola\/?page_id=41"},"modified":"2016-02-03T14:55:35","modified_gmt":"2016-02-03T14:55:35","slug":"el-colegio","status":"publish","type":"page","link":"https:\/\/jesus-maria.org\/loyola\/el-colegio\/","title":{"rendered":"El colegio"},"content":{"rendered":"<p><span style=\"font-family: Verdana,Arial,Helvetica,sans-serif; font-size: small;\"><span style=\"color: #ffffff;\">&#8230;&#8230;&#8230;..<\/span>El colegio se abri\u00f3 en septiembre de 1915, y en octubre se celebr\u00f3 por primera vez con las alumnas la Misa del Esp\u00edritu Santo y se les present\u00f3 el Reglamento del Colegio.<br \/>\n<span style=\"color: #ffffff;\">&#8230;&#8230;&#8230;.<\/span>A la vez que el colegio la casa acog\u00eda a grupos de religiosas que realizaban durante algunos meses su per\u00edodo de probaci\u00f3n, actividad para la que fue construida primordialmente la casa y que continuar\u00eda a lo largo de los a\u00f1os hasta hoy mismo, con m\u00e1s o menos intensidad, con nuevas modalidades por las situaciones cambiantes de la sociedad.<br \/>\nSe pens\u00f3 tambi\u00e9n al construir la casa en se\u00f1oras que se pudieran beneficiar de ella para su descanso. Se habilit\u00f3 una zona para ellas que a\u00f1os despu\u00e9s la ocupar\u00edan las alumnas de la Escuela Hogar. <\/span><\/p>\n<p><span style=\"font-family: Verdana,Arial,Helvetica,sans-serif; font-size: small; color: #ffffff;\">&#8230;&#8230;&#8230;.<\/span><span style=\"font-family: Verdana,Arial,Helvetica,sans-serif; font-size: small;\">Al proclamarse la II Rep\u00fablica en 1931, ante el asalto e incendios de conventos que se iban realizando sobre todo en levante, religiosas de varias provincias espa\u00f1olas vinieron a refugiarse a la casa de Loyola. La Compa\u00f1\u00eda hab\u00eda sido disuelta mediante Decreto y los jesuitas de Loyola andaban dispersos en sus familias o en familias de amigos. Pero las religiosas y el colegio que segu\u00edan con su actividad lo m\u00e1s normalizada posible, recibieron todo su apoyo y ayuda durante los a\u00f1os que dur\u00f3 esta situaci\u00f3n, tan sentida especialmente por los del lugar.<\/span><\/p>\n<p><span style=\"font-family: Verdana,Arial,Helvetica,sans-serif; font-size: small; color: #ffffff;\">&#8230;&#8230;&#8230;.<\/span><span style=\"font-family: Verdana,Arial,Helvetica,sans-serif; font-size: small;\">Eran momentos dif\u00edciles para la ense\u00f1anza; no obstante se fund\u00f3 en 1932 una Escuela en Azcoitia. El edificio fue donaci\u00f3n de una bienhechora del pueblo. Durante los primeros a\u00f1os este centro estuvo atendido por las religiosas de la comunidad de Loyola. A los diez a\u00f1os de su fundaci\u00f3n tuvo que cerrarse. <\/span><\/p>\n","protected":false},"excerpt":{"rendered":"<p>&#8230;&#8230;&#8230;..El colegio se abri\u00f3 en septiembre de 1915, y en octubre se celebr\u00f3 por primera vez con las alumnas la Misa del Esp\u00edritu Santo y se les present\u00f3 el Reglamento del Colegio. &#8230;&#8230;&#8230;.A la vez que el colegio la casa acog\u00eda a grupos de religiosas que realizaban durante algunos meses su per\u00edodo de probaci\u00f3n, actividad<\/p>\n","protected":false},"author":3,"featured_media":0,"parent":0,"menu_order":0,"comment_status":"closed","ping_status":"closed","template":"","meta":{"footnotes":""},"_links":{"self":[{"href":"https:\/\/jesus-maria.org\/loyola\/wp-json\/wp\/v2\/pages\/41"}],"collection":[{"href":"https:\/\/jesus-maria.org\/loyola\/wp-json\/wp\/v2\/pages"}],"about":[{"href":"https:\/\/jesus-maria.org\/loyola\/wp-json\/wp\/v2\/types\/page"}],"author":[{"embeddable":true,"href":"https:\/\/jesus-maria.org\/loyola\/wp-json\/wp\/v2\/users\/3"}],"replies":[{"embeddable":true,"href":"https:\/\/jesus-maria.org\/loyola\/wp-json\/wp\/v2\/comments?post=41"}],"version-history":[{"count":1,"href":"https:\/\/jesus-maria.org\/loyola\/wp-json\/wp\/v2\/pages\/41\/revisions"}],"predecessor-version":[{"id":42,"href":"https:\/\/jesus-maria.org\/loyola\/wp-json\/wp\/v2\/pages\/41\/revisions\/42"}],"wp:attachment":[{"href":"https:\/\/jesus-maria.org\/loyola\/wp-json\/wp\/v2\/media?parent=41"}],"curies":[{"name":"wp","href":"https:\/\/api.w.org\/{rel}","templated":true}]}}