{"id":31,"date":"2016-03-19T18:09:20","date_gmt":"2016-03-19T18:09:20","guid":{"rendered":"http:\/\/jesus-maria.org\/loyola\/?page_id=31"},"modified":"2016-09-01T15:29:42","modified_gmt":"2016-09-01T15:29:42","slug":"bienvenidos","status":"publish","type":"page","link":"https:\/\/jesus-maria.org\/loyola\/","title":{"rendered":"Bienvenidos"},"content":{"rendered":"<p><img loading=\"lazy\" decoding=\"async\" class=\"size-medium wp-image-196 alignleft\" src=\"http:\/\/jesus-maria.org\/loyola\/wp-content\/uploads\/sites\/11\/2016\/03\/Fachada-casa-1-300x225.jpg\" alt=\"Fachada casa\" width=\"300\" height=\"225\" srcset=\"https:\/\/jesus-maria.org\/loyola\/wp-content\/uploads\/sites\/11\/2016\/03\/Fachada-casa-1-300x225.jpg 300w, https:\/\/jesus-maria.org\/loyola\/wp-content\/uploads\/sites\/11\/2016\/03\/Fachada-casa-1-768x576.jpg 768w, https:\/\/jesus-maria.org\/loyola\/wp-content\/uploads\/sites\/11\/2016\/03\/Fachada-casa-1-1024x768.jpg 1024w\" sizes=\"(max-width: 300px) 100vw, 300px\" \/>Muy cerca del santuario de Loyola, cuna de la espiritualidad ignaciana, est\u00e1 nuestra Casa de Espiritualidad JES\u00daS-MAR\u00cdA, con su albergue.<\/p>\n<p>Lo ofrecemos a personas individuales, grupos, comunidades religiosas, familias, movimientos, centros educativos, peregrinos\u2026como lugar apropiado para el encuentro con uno mismo, con los dem\u00e1s, con Dios; para el descanso y disfrute en un entorno de belleza.<\/p>\n<p>&nbsp;<\/p>\n<p><a href=\"http:\/\/jesus-maria.org\/loyola\/casa-de-espiritualidad\/\">\u00a0<\/a>\u00a0\u00a0\u00a0\u00a0\u00a0\u00a0\u00a0\u00a0\u00a0\u00a0\u00a0\u00a0\u00a0\u00a0\u00a0\u00a0\u00a0\u00a0\u00a0\u00a0\u00a0\u00a0\u00a0\u00a0\u00a0<a href=\"http:\/\/jesus-maria.org\/loyola\/casa-de-espiritualidad\/\"> CASA DE ESPIRITUALIDAD<\/a>\u00a0\u00a0\u00a0\u00a0\u00a0\u00a0\u00a0\u00a0\u00a0\u00a0\u00a0\u00a0\u00a0\u00a0\u00a0\u00a0\u00a0\u00a0\u00a0\u00a0\u00a0\u00a0\u00a0\u00a0\u00a0\u00a0\u00a0\u00a0\u00a0\u00a0\u00a0\u00a0\u00a0\u00a0\u00a0\u00a0\u00a0\u00a0\u00a0\u00a0\u00a0\u00a0\u00a0\u00a0\u00a0\u00a0\u00a0\u00a0\u00a0\u00a0\u00a0 <a href=\"http:\/\/jesus-maria.org\/loyola\/albergue\/\">ALBERGUE<\/a><\/p>\n<p><span style=\"color: #0000ff;\"><strong>R\u00e9gimen de alojamiento:<\/strong><\/span><\/p>\n<ul>\n<li>S\u00f3lo alojamiento<\/li>\n<li>Alojamiento con desayuno<\/li>\n<li>Alojamiento con desayuno, comida o cena<\/li>\n<li>Alojamiento en pensi\u00f3n completa<\/li>\n<\/ul>\n","protected":false},"excerpt":{"rendered":"<p>Muy cerca del santuario de Loyola, cuna de la espiritualidad ignaciana, est\u00e1 nuestra Casa de Espiritualidad JES\u00daS-MAR\u00cdA, con su albergue. Lo ofrecemos a personas individuales, grupos, comunidades religiosas, familias, movimientos, centros educativos, peregrinos\u2026como lugar apropiado para el encuentro con uno mismo, con los dem\u00e1s, con Dios; para el descanso y disfrute en un entorno de<\/p>\n","protected":false},"author":3,"featured_media":0,"parent":0,"menu_order":0,"comment_status":"closed","ping_status":"closed","template":"","meta":{"footnotes":""},"_links":{"self":[{"href":"https:\/\/jesus-maria.org\/loyola\/wp-json\/wp\/v2\/pages\/31"}],"collection":[{"href":"https:\/\/jesus-maria.org\/loyola\/wp-json\/wp\/v2\/pages"}],"about":[{"href":"https:\/\/jesus-maria.org\/loyola\/wp-json\/wp\/v2\/types\/page"}],"author":[{"embeddable":true,"href":"https:\/\/jesus-maria.org\/loyola\/wp-json\/wp\/v2\/users\/3"}],"replies":[{"embeddable":true,"href":"https:\/\/jesus-maria.org\/loyola\/wp-json\/wp\/v2\/comments?post=31"}],"version-history":[{"count":9,"href":"https:\/\/jesus-maria.org\/loyola\/wp-json\/wp\/v2\/pages\/31\/revisions"}],"predecessor-version":[{"id":516,"href":"https:\/\/jesus-maria.org\/loyola\/wp-json\/wp\/v2\/pages\/31\/revisions\/516"}],"wp:attachment":[{"href":"https:\/\/jesus-maria.org\/loyola\/wp-json\/wp\/v2\/media?parent=31"}],"curies":[{"name":"wp","href":"https:\/\/api.w.org\/{rel}","templated":true}]}}