{"id":82,"date":"2015-02-21T18:24:03","date_gmt":"2015-02-21T18:24:03","guid":{"rendered":"http:\/\/jesus-maria.es\/claudina\/?page_id=82"},"modified":"2015-09-19T16:42:09","modified_gmt":"2015-09-19T16:42:09","slug":"positio","status":"publish","type":"page","link":"https:\/\/jesus-maria.org\/claudina\/positio\/","title":{"rendered":"Positio"},"content":{"rendered":"<p><a href=\"http:\/\/www.jesus-maria.org\/archiprovdoc\/positio\/positio-2.htm\" target=\"_blank\"><img loading=\"lazy\" decoding=\"async\" class=\" size-full wp-image-85 alignleft\" src=\"http:\/\/jesus-maria.org\/claudina\/wp-content\/uploads\/sites\/3\/2015\/02\/tapa1.jpg\" alt=\"tapa\" width=\"181\" height=\"248\" \/><\/a>La <span style=\"text-decoration: underline;\"><strong><a title=\"Positio\" href=\"http:\/\/www.jesus-maria.org\/archiprovdoc\/positio\/positio-2.htm\" target=\"_blank\">POSITIO<\/a><\/strong><\/span> es el libro que\u00a0se escribi\u00f3 para la causa de beatificcaci\u00f3n y canonizaci\u00f3n\u00a0de Claudina Th\u00e9venet.\u00a0Es\u00a0un libro muy extenso, de m\u00e1s de 800 p\u00e1ginas, digitalizadas para la web (Est\u00e1 en formato\u00a0PDF).<\/p>\n<p style=\"text-align: justify;\" align=\"right\">Para\u00a0seleccionar y copiar en PDF:<\/p>\n<p style=\"text-align: justify;\" align=\"right\">Men\u00fa Herramientas\u00a0\/ Seleccionar texto\u00a0o el bot\u00f3n \u00a0 \u00a0\u00a0<img loading=\"lazy\" decoding=\"async\" class=\"\" src=\"http:\/\/jesus-maria.org\/claudina\/wp-content\/uploads\/sites\/3\/2015\/02\/seleccionar.jpg\" alt=\"seleccionar\" width=\"101\" height=\"22\" \/><\/p>\n<p style=\"text-align: justify;\" align=\"right\">Para\u00a0buscar palabras en PDF:<\/p>\n<p style=\"text-align: justify;\" align=\"right\">Men\u00fa Edici\u00f3n \/\u00a0Buscar\u00a0o el bot\u00f3n\u00a0<a href=\"http:\/\/jesus-maria.org\/claudina\/wp-content\/uploads\/sites\/3\/2015\/02\/buscar.gif\"><img loading=\"lazy\" decoding=\"async\" class=\"\" src=\"http:\/\/jesus-maria.org\/claudina\/wp-content\/uploads\/sites\/3\/2015\/02\/buscar.gif\" alt=\"buscar\" width=\"22\" height=\"17\" \/><\/a>\u00a0Al\u00a0ser una obra tan extensa, se ir\u00e1 poniendo progresivamenteEsto permite seleccionar el texto que queramos y pegarlo en word.<\/p>\n","protected":false},"excerpt":{"rendered":"<p>La POSITIO es el libro que\u00a0se escribi\u00f3 para la causa [&hellip;]<\/p>\n","protected":false},"author":1,"featured_media":0,"parent":0,"menu_order":0,"comment_status":"closed","ping_status":"closed","template":"","meta":{"_et_pb_use_builder":"","_et_pb_old_content":"","_et_gb_content_width":"","footnotes":""},"_links":{"self":[{"href":"https:\/\/jesus-maria.org\/claudina\/wp-json\/wp\/v2\/pages\/82"}],"collection":[{"href":"https:\/\/jesus-maria.org\/claudina\/wp-json\/wp\/v2\/pages"}],"about":[{"href":"https:\/\/jesus-maria.org\/claudina\/wp-json\/wp\/v2\/types\/page"}],"author":[{"embeddable":true,"href":"https:\/\/jesus-maria.org\/claudina\/wp-json\/wp\/v2\/users\/1"}],"replies":[{"embeddable":true,"href":"https:\/\/jesus-maria.org\/claudina\/wp-json\/wp\/v2\/comments?post=82"}],"version-history":[{"count":4,"href":"https:\/\/jesus-maria.org\/claudina\/wp-json\/wp\/v2\/pages\/82\/revisions"}],"predecessor-version":[{"id":515,"href":"https:\/\/jesus-maria.org\/claudina\/wp-json\/wp\/v2\/pages\/82\/revisions\/515"}],"wp:attachment":[{"href":"https:\/\/jesus-maria.org\/claudina\/wp-json\/wp\/v2\/media?parent=82"}],"curies":[{"name":"wp","href":"https:\/\/api.w.org\/{rel}","templated":true}]}}