{"id":210,"date":"2015-04-09T06:42:18","date_gmt":"2015-04-09T06:42:18","guid":{"rendered":"http:\/\/jesus-maria.org\/claudina\/?page_id=210"},"modified":"2019-07-28T15:19:35","modified_gmt":"2019-07-28T15:19:35","slug":"album-de-familia-2","status":"publish","type":"page","link":"https:\/\/jesus-maria.org\/claudina\/album-de-familia-2\/","title":{"rendered":"\u00c1lbum de familia"},"content":{"rendered":"<p>[vc_row][vc_column width=\u00bb1\/2&#8243;][vc_text_separator title=\u00bbInfancia y juventud\u00bb color=\u00bbpink\u00bb][vc_hoverbox image=\u00bb1797&#8243; primary_title=\u00bb\u00bb hover_title=\u00bbInfancia y juventud\u00bb]<span style=\"font-size: 12pt;\">Recorrido fotogr\u00e1fico de la infancia y juventud de Claudina. Fue bautizada en la parroquia de <strong>Saint Nizier<\/strong>. Estudi\u00f3 en la <strong>Abad\u00eda de San Pedro<\/strong>, hoy museo de Bellas Artes. Las <strong>calles<\/strong> d\u00f3nde la familia se fue trasladando, casi siempre, por motivos econ\u00f3micos. El <strong>Hotel de Ville<\/strong> donde los hermanos estuvieron prisioneros y la calle camino de los <strong>Brotons<\/strong> donde fueron fusilados.<\/span><\/p>\n<p>&nbsp;[\/vc_hoverbox][vc_row_inner][vc_column_inner][vc_separator][\/vc_column_inner][\/vc_row_inner][vc_tta_accordion style=\u00bbmodern\u00bb color=\u00bborange\u00bb active_section=\u00bb1&#8243;][vc_tta_section title=\u00bbSaint Nizier\u00bb tab_id=\u00bb1532253172127-46c346c7-aa12&#8243;][vc_column_text]<div id=\"flickr_saintnizier_4989\"><div class=\"slickr-flickr-gallery sf-lightbox\"><ul><li class=\"active\"><a href=\"https:\/\/farm2.static.flickr.com\/1895\/43958888904_0e17639754_c.jpg\"  ><img decoding=\"async\" src=\"https:\/\/farm2.static.flickr.com\/1895\/43958888904_0e17639754_s.jpg\"   title=\"San Nizier-2\" \/><\/a><\/li><\/ul><\/div><div style=\"clear:both\"><\/div><\/div>[\/vc_column_text][\/vc_tta_section][vc_tta_section title=\u00bbAbad\u00eda de San Pedro\u00bb tab_id=\u00bb1532253172174-087c6613-9abf\u00bb][vc_column_text][\/vc_column_text][\/vc_tta_section][vc_tta_section title=\u00bbPlaza Terreaux y C\u00e1rcel\u00bb tab_id=\u00bb1532253527917-ae4f561b-55be\u00bb][vc_column_text][\/vc_column_text][\/vc_tta_section][vc_tta_section title=\u00bbLes Broteaux\u00bb tab_id=\u00bb1564325015419-aafb7bc3-e197&#8243;][vc_column_text][\/vc_column_text][\/vc_tta_section][vc_tta_section title=\u00bbCalles importantes\u00bb tab_id=\u00bb1532253596011-c085ef99-8bdb\u00bb][vc_column_text][\/vc_column_text][\/vc_tta_section][\/vc_tta_accordion][\/vc_column][vc_column width=\u00bb1\/2&#8243;][vc_text_separator title=\u00bbCompromiso y Fundaci\u00f3n\u00bb color=\u00bbpink\u00bb][vc_hoverbox image=\u00bb1798&#8243; primary_title=\u00bb\u00bb hover_title=\u00bbCompromiso y Fundaci\u00f3n\u00bb css_animation=\u00bbbounceIn\u00bb]<\/p>\n<p style=\"text-align: center;\"><span style=\"font-size: 12pt;\">Recorrido fotogr\u00e1fico desde <strong>San Bruno <\/strong>donde empez\u00f3 la Providencia,&nbsp;<strong>Pierres Plantees <\/strong>cuna de la fundaci\u00f3n la noche que se fue de casa y empez\u00f3 con una obrera, una hu\u00e9rfana y un telar. <strong>La Ang\u00e9lica<\/strong> a la que se traslad\u00f3 cuando todos los locales se quedaban peque\u00f1os y la bas\u00edlica de <strong>Fourviere<\/strong>, a los pies de Mar\u00eda siempre presente en su vida: \u00abMar\u00eda no quiere que hagamos nada sin ella\u00bb.<\/span><\/p>\n<p>&nbsp;[\/vc_hoverbox][vc_row_inner][vc_column_inner][vc_separator][\/vc_column_inner][\/vc_row_inner][vc_tta_accordion style=\u00bbmodern\u00bb color=\u00bbgreen\u00bb active_section=\u00bb1&#8243;][vc_tta_section title=\u00bbSan Bruno &#8211; Pierre Plantees\u00bb tab_id=\u00bb1532253842260-4eb4e931-5beb\u00bb][vc_column_text][\/vc_column_text][\/vc_tta_section][vc_tta_section title=\u00bbLa Ang\u00e9lica\u00bb tab_id=\u00bb1532253842282-2860b648-30e7&#8243;][vc_column_text][\/vc_column_text][\/vc_tta_section][vc_tta_section title=\u00bbMuseo-La Ang\u00e9lica\u00bb tab_id=\u00bb1536001465396-dce15e73-ad7b\u00bb][vc_column_text][\/vc_column_text][\/vc_tta_section][vc_tta_section title=\u00bbFourviere\u00bb tab_id=\u00bb1532253959660-d43603a7-8aa5&#8243;][vc_column_text][\/vc_column_text][\/vc_tta_section][\/vc_tta_accordion][\/vc_column][\/vc_row][vc_row][vc_column width=\u00bb1\/2&#8243;][vc_text_separator title=\u00bbLyon\u00bb color=\u00bbpink\u00bb][vc_hoverbox image=\u00bb1799&#8243; primary_title=\u00bb\u00bb hover_title=\u00bbLyon\u00bb]<span style=\"font-size: 14pt;\">Ciudad al norte de Francia, ba\u00f1ada por el R\u00f3dano y el Saona. La ciudad m\u00e1s importante despu\u00e9s de Par\u00eds. Industrial, ciudad dedicada hist\u00f3ricamente a la seda.<\/span><\/p>\n<p><span style=\"font-size: 14pt;\">Con un edificio pintado dedicado a los lioneses ilustres. Claudina, Paulina Jaricot, Saint Exupery, los hermanos Lumiere&#8230;<\/span>[\/vc_hoverbox][vc_tta_accordion style=\u00bbmodern\u00bb color=\u00bbpurple\u00bb active_section=\u00bb1&#8243;][vc_tta_section title=\u00bbLy\u00f3n\u00bb tab_id=\u00bb1532254369968-47e573a2-c8d7&#8243;][vc_column_text][\/vc_column_text][\/vc_tta_section][vc_tta_section title=\u00bbLioneses ilustres\u00bb tab_id=\u00bb1532254369996-c1dbc6f0-567d\u00bb][vc_column_text][\/vc_column_text][\/vc_tta_section][vc_tta_section title=\u00bbSan Juan\u00bb tab_id=\u00bb1535199017267-08d81a38-0d3c\u00bb][vc_column_text][\/vc_column_text][\/vc_tta_section][vc_tta_section title=\u00bbMiscel\u00e1nea\u00bb tab_id=\u00bb1564327113854-848fe134-6009&#8243;][vc_column_text][\/vc_column_text][\/vc_tta_section][\/vc_tta_accordion][\/vc_column][vc_column width=\u00bb1\/2&#8243;][\/vc_column][\/vc_row]<\/p>\n","protected":false},"excerpt":{"rendered":"<p>[vc_row][vc_column width=\u00bb1\/2&#8243;][vc_text_separator title=\u00bbInfancia y juventud\u00bb color=\u00bbpink\u00bb][vc_hoverbox image=\u00bb1797&#8243; primary_title=\u00bb\u00bb hover_title=\u00bbInfancia y [&hellip;]<\/p>\n","protected":false},"author":1,"featured_media":0,"parent":0,"menu_order":0,"comment_status":"closed","ping_status":"closed","template":"","meta":{"_et_pb_use_builder":"","_et_pb_old_content":"","_et_gb_content_width":"","footnotes":""},"_links":{"self":[{"href":"https:\/\/jesus-maria.org\/claudina\/wp-json\/wp\/v2\/pages\/210"}],"collection":[{"href":"https:\/\/jesus-maria.org\/claudina\/wp-json\/wp\/v2\/pages"}],"about":[{"href":"https:\/\/jesus-maria.org\/claudina\/wp-json\/wp\/v2\/types\/page"}],"author":[{"embeddable":true,"href":"https:\/\/jesus-maria.org\/claudina\/wp-json\/wp\/v2\/users\/1"}],"replies":[{"embeddable":true,"href":"https:\/\/jesus-maria.org\/claudina\/wp-json\/wp\/v2\/comments?post=210"}],"version-history":[{"count":57,"href":"https:\/\/jesus-maria.org\/claudina\/wp-json\/wp\/v2\/pages\/210\/revisions"}],"predecessor-version":[{"id":1942,"href":"https:\/\/jesus-maria.org\/claudina\/wp-json\/wp\/v2\/pages\/210\/revisions\/1942"}],"wp:attachment":[{"href":"https:\/\/jesus-maria.org\/claudina\/wp-json\/wp\/v2\/media?parent=210"}],"curies":[{"name":"wp","href":"https:\/\/api.w.org\/{rel}","templated":true}]}}