{"id":1906,"date":"2019-04-26T14:20:28","date_gmt":"2019-04-26T14:20:28","guid":{"rendered":"https:\/\/jesus-maria.org\/claudina\/?page_id=1906"},"modified":"2019-04-29T07:46:19","modified_gmt":"2019-04-29T07:46:19","slug":"publicaciones","status":"publish","type":"page","link":"https:\/\/jesus-maria.org\/claudina\/publicaciones\/","title":{"rendered":"Publicaciones"},"content":{"rendered":"<p>[vc_row][vc_column][vc_column_text]<span style=\"font-size: 14pt; color: #008000;\"><strong>Publicaciones realizadas con motivo de la celebraci\u00f3n del Bicentenario (1818-2018) de la fundaci\u00f3n de la Congregaci\u00f3n<\/strong><\/span>[\/vc_column_text][\/vc_column][\/vc_row][vc_row][vc_column width=\u00bb1\/4&#8243;][vc_single_image image=\u00bb1907&#8243; alignment=\u00bbcenter\u00bb style=\u00bbvc_box_rounded\u00bb onclick=\u00bbcustom_link\u00bb img_link_target=\u00bb_blank\u00bb link=\u00bbhttp:\/\/200jm.com\/wp-content\/uploads\/2017\/10\/INTERCULTURALIDAD-Oct-ESP.pdf\u00bb][\/vc_column][vc_column width=\u00bb1\/4&#8243;][vc_single_image image=\u00bb1912&#8243; alignment=\u00bbcenter\u00bb style=\u00bbvc_box_rounded\u00bb onclick=\u00bbcustom_link\u00bb img_link_target=\u00bb_blank\u00bb link=\u00bbhttp:\/\/200jm.com\/wp-content\/uploads\/2017\/11\/Las-Fronteras.pdf\u00bb][\/vc_column][vc_column width=\u00bb1\/4&#8243;][vc_single_image image=\u00bb1913&#8243; alignment=\u00bbcenter\u00bb style=\u00bbvc_box_rounded\u00bb onclick=\u00bbcustom_link\u00bb img_link_target=\u00bb_blank\u00bb link=\u00bbhttp:\/\/200jm.com\/wp-content\/uploads\/2017\/11\/LOS-PRIMEROS-CAP%C3%8DTULOS-GENERALES-carmen-ba%C3%B1ares.pdf\u00bb][\/vc_column][vc_column width=\u00bb1\/4&#8243;][vc_single_image image=\u00bb1914&#8243; alignment=\u00bbcenter\u00bb style=\u00bbvc_box_rounded\u00bb onclick=\u00bbcustom_link\u00bb img_link_target=\u00bb_blank\u00bb link=\u00bbhttp:\/\/200jm.com\/wp-content\/uploads\/2018\/01\/Envejecer-en-Jes%C3%BAs-Mar%C3%ADa-y-Acompa%C3%B1ar-en-la-enfermedad.pdf\u00bb][\/vc_column][\/vc_row][vc_row][vc_column width=\u00bb1\/4&#8243;][vc_column_text]<\/p>\n<p style=\"text-align: center;\"><span style=\"color: #000080; font-size: 12pt;\"><strong>Reflexi\u00f3n sobre la interculturalidad<\/strong><\/span><br \/>\n<span style=\"color: #000080; font-size: 12pt;\"><strong>Marielle Mv\u00e8 RJM<\/strong><\/span><\/p>\n<p>[\/vc_column_text][\/vc_column][vc_column width=\u00bb1\/4&#8243;][vc_column_text]<\/p>\n<p style=\"text-align: center;\"><span style=\"color: #000080; font-size: 12pt;\"><strong>Las fronteras<\/strong><\/span><br \/>\n<span style=\"color: #000080; font-size: 12pt;\"><strong>M\u00aa Eugenia Echavarr\u00eda RJM<\/strong><\/span><\/p>\n<p>[\/vc_column_text][\/vc_column][vc_column width=\u00bb1\/4&#8243;][vc_column_text]<\/p>\n<p style=\"text-align: center;\"><span style=\"color: #000080; font-size: 12pt;\"><strong>Los primeros cap\u00edtulos generales de la Congregaci\u00f3n<\/strong><\/span><br \/>\n<span style=\"color: #000080; font-size: 12pt;\"><strong>Carmen Ba\u00f1ares RJM<\/strong><\/span><\/p>\n<p>[\/vc_column_text][\/vc_column][vc_column width=\u00bb1\/4&#8243;][vc_column_text]<\/p>\n<p style=\"text-align: center;\"><span style=\"color: #000080; font-size: 12pt;\"><strong>Envejecer en JM; acompa\u00f1ar las enfermer\u00edas<\/strong><\/span><br \/>\n<span style=\"color: #000080; font-size: 12pt;\"><strong>Anne Robichaud RJM y Lorraine Maheu RJM<\/strong><\/span><\/p>\n<p>[\/vc_column_text][\/vc_column][\/vc_row][vc_row][vc_column width=\u00bb1\/4&#8243;][vc_single_image image=\u00bb1915&#8243; alignment=\u00bbcenter\u00bb style=\u00bbvc_box_rounded\u00bb onclick=\u00bbcustom_link\u00bb img_link_target=\u00bb_blank\u00bb link=\u00bbhttp:\/\/200jm.com\/wp-content\/uploads\/2018\/01\/%E2%80%9CMi-experiencia-comunicadora-de-vida-en-los-Dispensarios.pdf\u00bb][\/vc_column][vc_column width=\u00bb1\/4&#8243;][vc_single_image image=\u00bb1916&#8243; alignment=\u00bbcenter\u00bb style=\u00bbvc_box_rounded\u00bb onclick=\u00bbcustom_link\u00bb img_link_target=\u00bb_blank\u00bb link=\u00bbhttp:\/\/200jm.com\/wp-content\/uploads\/2017\/09\/MI-REFLEXI%C3%93N-SOBRE-LA-PSICOLOG%C3%8DA-DE-CLAUDINA-TH%C3%89VENET-HOY.pdf\u00bb][\/vc_column][vc_column width=\u00bb1\/4&#8243;][vc_single_image image=\u00bb1917&#8243; alignment=\u00bbcenter\u00bb style=\u00bbvc_box_rounded\u00bb onclick=\u00bbcustom_link\u00bb img_link_target=\u00bb_blank\u00bb link=\u00bbhttp:\/\/200jm.com\/wp-content\/uploads\/2018\/04\/La-M%C3%BAsica-1.pdf\u00bb][\/vc_column][vc_column width=\u00bb1\/4&#8243;][vc_single_image image=\u00bb1918&#8243; alignment=\u00bbcenter\u00bb style=\u00bbvc_box_rounded\u00bb onclick=\u00bbcustom_link\u00bb img_link_target=\u00bb_blank\u00bb link=\u00bbhttp:\/\/200jm.com\/wp-content\/uploads\/2018\/04\/Spanish-Violencia-y-Persecuci%C3%B3n.-Irene-Stephen-RJM.pdf\u00bb][\/vc_column][\/vc_row][vc_row][vc_column width=\u00bb1\/4&#8243;][vc_column_text]<\/p>\n<p style=\"text-align: center;\"><span style=\"font-size: 12pt;\"><span style=\"color: #000080;\"><strong>Mi experiencia comunicadora de vida en los dispensarios de la India<br \/>\n<\/strong><\/span><span style=\"color: #000080;\"><strong>Amelia D\u2019Sa RJM<\/strong><\/span><\/span><\/p>\n<p>[\/vc_column_text][\/vc_column][vc_column width=\u00bb1\/4&#8243;][vc_column_text]<\/p>\n<p style=\"text-align: center;\"><span style=\"font-size: 12pt;\"><span style=\"color: #000080;\"><strong>Mi reflexi\u00f3n sobre la psicolog\u00eda de Claudina Th\u00e9venet<br \/>\n<\/strong><\/span><span style=\"color: #000080;\"><strong>Melba Rodrigues RJM<\/strong><\/span><\/span><\/p>\n<p>[\/vc_column_text][\/vc_column][vc_column width=\u00bb1\/4&#8243;][vc_column_text]<\/p>\n<p style=\"text-align: center;\"><span style=\"font-size: 12pt;\"><span style=\"color: #000080;\"><strong>La m\u00fasica<br \/>\n<\/strong><\/span><span style=\"color: #000080;\"><strong>Sof\u00eda Padilla RJM<\/strong><\/span><\/span><\/p>\n<p>[\/vc_column_text][\/vc_column][vc_column width=\u00bb1\/4&#8243;][vc_column_text]<\/p>\n<p style=\"text-align: center;\"><span style=\"font-size: 12pt;\"><span style=\"color: #000080;\"><strong>Violencia y persecuci\u00f3n<br \/>\n<\/strong><\/span><span style=\"color: #000080;\"><strong>Irene Stephen RJM<\/strong><\/span><\/span><\/p>\n<p>[\/vc_column_text][\/vc_column][\/vc_row][vc_row][vc_column width=\u00bb1\/4&#8243;][vc_single_image image=\u00bb1919&#8243; alignment=\u00bbcenter\u00bb style=\u00bbvc_box_rounded\u00bb onclick=\u00bbcustom_link\u00bb img_link_target=\u00bb_blank\u00bb link=\u00bbhttp:\/\/200jm.com\/wp-content\/uploads\/2018\/05\/HACIA-LO-DESCONOCIDO-Rev-Spanish-April-22-2018.pdf\u00bb][\/vc_column][vc_column width=\u00bb1\/4&#8243;][vc_single_image image=\u00bb1920&#8243; alignment=\u00bbcenter\u00bb style=\u00bbvc_box_rounded\u00bb onclick=\u00bbcustom_link\u00bb img_link_target=\u00bb_blank\u00bb link=\u00bbhttp:\/\/200jm.com\/wp-content\/uploads\/2018\/05\/Claudine-the-french-connection-Espa%C3%B1ol.pdf\u00bb][\/vc_column][vc_column width=\u00bb1\/4&#8243;][vc_single_image image=\u00bb1921&#8243; alignment=\u00bbcenter\u00bb style=\u00bbvc_box_rounded\u00bb onclick=\u00bbcustom_link\u00bb img_link_target=\u00bb_blank\u00bb link=\u00bbhttp:\/\/200jm.com\/wp-content\/uploads\/2018\/05\/sunila-javaid.pdf\u00bb][\/vc_column][vc_column width=\u00bb1\/4&#8243;][vc_single_image image=\u00bb1922&#8243; alignment=\u00bbcenter\u00bb style=\u00bbvc_box_rounded\u00bb onclick=\u00bbcustom_link\u00bb img_link_target=\u00bb_blank\u00bb link=\u00bbhttp:\/\/200jm.com\/wp-content\/uploads\/2018\/05\/Olga-Lamela.pdf\u00bb][\/vc_column][\/vc_row][vc_row][vc_column width=\u00bb1\/4&#8243;][vc_column_text]<\/p>\n<p style=\"text-align: center;\"><span style=\"font-size: 12pt;\"><span style=\"color: #000080;\"><strong>Hacia lo desconocido: experiencia de fe de Claudina<br \/>\n<\/strong><\/span><span style=\"color: #000080;\"><strong>Janice Farnham RJM<\/strong><\/span><\/span><\/p>\n<p>[\/vc_column_text][\/vc_column][vc_column width=\u00bb1\/4&#8243;][vc_column_text]<\/p>\n<p style=\"text-align: center;\"><span style=\"font-size: 12pt;\"><span style=\"color: #000080;\"><strong>\u201cClaudine, the french connection\u201d<br \/>\n<\/strong><\/span><span style=\"color: #000080;\"><strong>Anne-Marie Deroche (Francia)<br \/>\n<\/strong><\/span><\/span><\/p>\n<p>[\/vc_column_text][\/vc_column][vc_column width=\u00bb1\/4&#8243;][vc_column_text]<\/p>\n<p style=\"text-align: center;\"><span style=\"font-size: 12pt;\"><span style=\"color: #000080;\"><strong>La vocaci\u00f3n cristiana laica inspirada en el carisma de Claudina<br \/>\n<\/strong><\/span><span style=\"color: #000080;\"><strong>Anne-Marie Deroche (Pakist\u00e1n)<br \/>\n<\/strong><\/span><\/span><\/p>\n<p>[\/vc_column_text][\/vc_column][vc_column width=\u00bb1\/4&#8243;][vc_column_text]<\/p>\n<p style=\"text-align: center;\"><span style=\"font-size: 12pt;\"><span style=\"color: #000080;\"><strong>\u00abMi experiencia, mi vida, mi historia&#8230;\u00bb<br \/>\n<\/strong><\/span><span style=\"color: #000080;\"><strong>Olga Lamela (Espa\u00f1a)<br \/>\n<\/strong><\/span><\/span><\/p>\n<p>[\/vc_column_text][\/vc_column][\/vc_row][vc_row][vc_column width=\u00bb1\/4&#8243;][vc_single_image image=\u00bb1923&#8243; alignment=\u00bbcenter\u00bb style=\u00bbvc_box_rounded\u00bb onclick=\u00bbcustom_link\u00bb img_link_target=\u00bb_blank\u00bb link=\u00bbhttp:\/\/200jm.com\/wp-content\/uploads\/2018\/05\/El-susurro-de-Claudina-en-mi-vida.pdf\u00bb][\/vc_column][vc_column width=\u00bb1\/4&#8243;][vc_single_image image=\u00bb1924&#8243; alignment=\u00bbcenter\u00bb style=\u00bbvc_box_rounded\u00bb onclick=\u00bbcustom_link\u00bb img_link_target=\u00bb_blank\u00bb link=\u00bbhttp:\/\/200jm.com\/wp-content\/uploads\/2018\/05\/teatro-cristo.pdf\u00bb][\/vc_column][vc_column width=\u00bb1\/4&#8243;][vc_single_image image=\u00bb1925&#8243; alignment=\u00bbcenter\u00bb style=\u00bbvc_box_rounded\u00bb onclick=\u00bbcustom_link\u00bb img_link_target=\u00bb_blank\u00bb link=\u00bbhttp:\/\/200jm.com\/wp-content\/uploads\/2018\/06\/entre-los-pobres.-Julie-Parmar.pdf\u00bb][\/vc_column][vc_column width=\u00bb1\/4&#8243;][vc_single_image image=\u00bb1926&#8243; alignment=\u00bbcenter\u00bb style=\u00bbvc_box_rounded\u00bb onclick=\u00bbcustom_link\u00bb img_link_target=\u00bb_blank\u00bb link=\u00bbhttp:\/\/200jm.com\/wp-content\/uploads\/2018\/07\/todo-lo-que-asciende-converge-CRISTINA-S%C3%81NCHEZ.pdf\u00bb][\/vc_column][\/vc_row][vc_row][vc_column width=\u00bb1\/4&#8243;][vc_column_text]<\/p>\n<p style=\"text-align: center;\"><span style=\"font-size: 12pt;\"><span style=\"color: #000080;\"><strong>El susurro de Claudina en mi vida<br \/>\n<\/strong><\/span><span style=\"color: #000080;\"><strong>Marusa Delmar (M\u00e9jico)<\/strong><\/span><\/span><\/p>\n<p>[\/vc_column_text][\/vc_column][vc_column width=\u00bb1\/4&#8243;][vc_column_text]<\/p>\n<p style=\"text-align: center;\"><span style=\"font-size: 12pt;\"><span style=\"color: #000080;\"><strong>El teatro<br \/>\n<\/strong><\/span><span style=\"color: #000080;\"><strong>Colegio Cristo de la Yedra (Espa\u00f1a)<\/strong><\/span><\/span><\/p>\n<p>[\/vc_column_text][\/vc_column][vc_column width=\u00bb1\/4&#8243;][vc_column_text]<\/p>\n<p style=\"text-align: center;\"><span style=\"font-size: 12pt;\"><span style=\"color: #000080;\"><strong>La misi\u00f3n entre los pobres<br \/>\n<\/strong><\/span><span style=\"color: #000080;\"><strong>Julie Parmar RJM<\/strong><\/span><\/span><\/p>\n<p>[\/vc_column_text][\/vc_column][vc_column width=\u00bb1\/4&#8243;][vc_column_text]<\/p>\n<p style=\"text-align: center;\"><span style=\"font-size: 12pt;\"><span style=\"color: #000080;\"><strong>\u00abTodo lo que asciende converge\u00bb<br \/>\n<\/strong><\/span><span style=\"color: #000080;\"><strong>Cristina S\u00e1nchez RJM<\/strong><\/span><\/span><\/p>\n<p>[\/vc_column_text][\/vc_column][\/vc_row][vc_row][vc_column width=\u00bb1\/4&#8243;][vc_single_image image=\u00bb1927&#8243; alignment=\u00bbcenter\u00bb style=\u00bbvc_box_rounded\u00bb onclick=\u00bbcustom_link\u00bb img_link_target=\u00bb_blank\u00bb link=\u00bbhttp:\/\/200jm.com\/wp-content\/uploads\/2018\/07\/Influencia-de-la-Espiritualidad-Ignaciana-en-nuestra-Congregaci%C3%B3n.-1.pdf\u00bb][\/vc_column][vc_column width=\u00bb1\/4&#8243;][vc_single_image image=\u00bb1928&#8243; alignment=\u00bbcenter\u00bb style=\u00bbvc_box_rounded\u00bb onclick=\u00bbcustom_link\u00bb img_link_target=\u00bb_blank\u00bb link=\u00bbhttp:\/\/200jm.com\/wp-content\/uploads\/2018\/08\/Pastoral.pdf\u00bb][\/vc_column][vc_column width=\u00bb1\/4&#8243;][vc_single_image image=\u00bb1929&#8243; alignment=\u00bbcenter\u00bb style=\u00bbvc_box_rounded\u00bb onclick=\u00bbcustom_link\u00bb img_link_target=\u00bb_blank\u00bb link=\u00bbhttp:\/\/200jm.com\/wp-content\/uploads\/2018\/10\/Una-vida-siempre-renovada.pdf\u00bb][\/vc_column][vc_column width=\u00bb1\/4&#8243;][\/vc_column][\/vc_row][vc_row][vc_column width=\u00bb1\/4&#8243;][vc_column_text]<\/p>\n<p style=\"text-align: center;\"><span style=\"font-size: 12pt;\"><span style=\"color: #000080;\"><strong>\u201cInfluencia de la espiritualidad ignaciana en la Congregaci\u00f3n de Jes\u00fas-Mar\u00eda\u201d<br \/>\n<\/strong><\/span><span style=\"color: #000080;\"><strong>M\u00aa del Puy Montaner RJM<\/strong><\/span><\/span><\/p>\n<p>[\/vc_column_text][\/vc_column][vc_column width=\u00bb1\/4&#8243;][vc_column_text]<\/p>\n<p style=\"text-align: center;\"><span style=\"font-size: 12pt;\"><span style=\"color: #000080;\"><strong>Una propuesta pastoral<br \/>\n<\/strong><\/span><span style=\"color: #000080;\"><strong>Silvia Rojas RJM<\/strong><\/span><\/span><\/p>\n<p>[\/vc_column_text][\/vc_column][vc_column width=\u00bb1\/4&#8243;][vc_column_text]<\/p>\n<p style=\"text-align: center;\"><span style=\"font-size: 12pt;\"><span style=\"color: #000080;\"><strong>Una vida siempre renovada<br \/>\n<\/strong><\/span><span style=\"color: #000080;\"><strong>Mary Bourdonilvia RJM<\/strong><\/span><\/span><\/p>\n<p>[\/vc_column_text][\/vc_column][vc_column width=\u00bb1\/4&#8243;][\/vc_column][\/vc_row]<\/p>\n","protected":false},"excerpt":{"rendered":"<p>[vc_row][vc_column][vc_column_text]Publicaciones realizadas con motivo de la celebraci\u00f3n del Bicentenario (1818-2018) [&hellip;]<\/p>\n","protected":false},"author":3,"featured_media":0,"parent":0,"menu_order":0,"comment_status":"closed","ping_status":"closed","template":"","meta":{"_et_pb_use_builder":"","_et_pb_old_content":"","_et_gb_content_width":"","footnotes":""},"_links":{"self":[{"href":"https:\/\/jesus-maria.org\/claudina\/wp-json\/wp\/v2\/pages\/1906"}],"collection":[{"href":"https:\/\/jesus-maria.org\/claudina\/wp-json\/wp\/v2\/pages"}],"about":[{"href":"https:\/\/jesus-maria.org\/claudina\/wp-json\/wp\/v2\/types\/page"}],"author":[{"embeddable":true,"href":"https:\/\/jesus-maria.org\/claudina\/wp-json\/wp\/v2\/users\/3"}],"replies":[{"embeddable":true,"href":"https:\/\/jesus-maria.org\/claudina\/wp-json\/wp\/v2\/comments?post=1906"}],"version-history":[{"count":9,"href":"https:\/\/jesus-maria.org\/claudina\/wp-json\/wp\/v2\/pages\/1906\/revisions"}],"predecessor-version":[{"id":1936,"href":"https:\/\/jesus-maria.org\/claudina\/wp-json\/wp\/v2\/pages\/1906\/revisions\/1936"}],"wp:attachment":[{"href":"https:\/\/jesus-maria.org\/claudina\/wp-json\/wp\/v2\/media?parent=1906"}],"curies":[{"name":"wp","href":"https:\/\/api.w.org\/{rel}","templated":true}]}}