{"id":1834,"date":"2018-12-11T16:14:05","date_gmt":"2018-12-11T16:14:05","guid":{"rendered":"http:\/\/jesus-maria.org\/claudina\/?page_id=1834"},"modified":"2018-12-11T16:37:56","modified_gmt":"2018-12-11T16:37:56","slug":"claudina-thevenet","status":"publish","type":"page","link":"https:\/\/jesus-maria.org\/claudina\/claudina-thevenet\/","title":{"rendered":"Claudina Th\u00e9venet"},"content":{"rendered":"<p>[vc_row][vc_column width=\u00bb2\/3&#8243;][vc_column_text]<\/p>\n<p style=\"text-align: justify;\"><span style=\"font-size: 14pt;\">Claudina responder\u00e1 a las llamadas que le vienen de estas necesidades. Dedica todo su inter\u00e9s a los ni\u00f1os y los j\u00f3venes que viven abandonados y en la ignorancia religiosa. Un d\u00eda, acoge a dos hu\u00e9rfanas abandonadas en el p\u00f3rtico de la Parroquia de San Nezier.<\/span><\/p>\n<p style=\"text-align: justify;\"><span style=\"font-size: 14pt;\">En ese momento, con la colaboraci\u00f3n de compa\u00f1eras j\u00f3venes, nace una primera Providencia que recibir\u00e1 el nombre de Providencia del Sagrado Coraz\u00f3n; estamos a finales de 1815. La noche del 5 al 6 de octubre de 1818, Claudina deja a su anciana madre para instalarse definitivamente en una humilde casa, apenas amueblada. Con una obrera, una hu\u00e9rfana y un telar de seda, Claudina acaba de fundar la Congregaci\u00f3n de las Religiosas de Jes\u00fas-Mar\u00eda \u201cMe parec\u00eda haberme lanzado a una empresa loca sin ninguna garant\u00eda de \u00e9xito\u201d.<\/span><\/p>\n<p style=\"text-align: justify;\"><span style=\"font-size: 14pt;\">Y la obra se desarrolla y crece bajo la direcci\u00f3n de Claudina. Su principal objetivo es la educaci\u00f3n de los ni\u00f1os y de los j\u00f3venes, con una clara preferencia por los m\u00e1s desfavorecidos. Su pedagog\u00eda se basa en el amor, en la bondad, en la atenci\u00f3n a cada persona y en el esp\u00edritu de familia. El 3 de febrero de 1837, un viernes, a las tres de la tarde, muere en la casa de Fourvi\u00e8re. Claudina hab\u00eda tenido una experiencia de Dios, se dio totalmente a \u00c9l. Sus \u00faltimas palabras: \u201cQu\u00e9 bueno es Dios\u201d indican el talante de esta gran mujer que se dej\u00f3 guiar por el Esp\u00edritu Santo.<\/span><\/p>\n<p style=\"text-align: justify;\"><span style=\"font-size: 14pt;\">Santa Claudina Th\u00e9venet fue Beatificada el 4 de octubre de 1981 y Canonizada el 21 de marzo de 1993. Ambas Ceremonias fueron presididas por el Papa Juan Pablo II en la Plaza de San Pedro.<\/span><\/p>\n<p>[\/vc_column_text][\/vc_column][vc_column width=\u00bb1\/3&#8243;][vc_single_image image=\u00bb1844&#8243; img_size=\u00bbfull\u00bb][\/vc_column][\/vc_row]<\/p>\n","protected":false},"excerpt":{"rendered":"<p>[vc_row][vc_column width=\u00bb2\/3&#8243;][vc_column_text] Claudina responder\u00e1 a las llamadas que le vienen [&hellip;]<\/p>\n","protected":false},"author":3,"featured_media":0,"parent":0,"menu_order":0,"comment_status":"closed","ping_status":"closed","template":"","meta":{"_et_pb_use_builder":"","_et_pb_old_content":"","_et_gb_content_width":"","footnotes":""},"_links":{"self":[{"href":"https:\/\/jesus-maria.org\/claudina\/wp-json\/wp\/v2\/pages\/1834"}],"collection":[{"href":"https:\/\/jesus-maria.org\/claudina\/wp-json\/wp\/v2\/pages"}],"about":[{"href":"https:\/\/jesus-maria.org\/claudina\/wp-json\/wp\/v2\/types\/page"}],"author":[{"embeddable":true,"href":"https:\/\/jesus-maria.org\/claudina\/wp-json\/wp\/v2\/users\/3"}],"replies":[{"embeddable":true,"href":"https:\/\/jesus-maria.org\/claudina\/wp-json\/wp\/v2\/comments?post=1834"}],"version-history":[{"count":8,"href":"https:\/\/jesus-maria.org\/claudina\/wp-json\/wp\/v2\/pages\/1834\/revisions"}],"predecessor-version":[{"id":1846,"href":"https:\/\/jesus-maria.org\/claudina\/wp-json\/wp\/v2\/pages\/1834\/revisions\/1846"}],"wp:attachment":[{"href":"https:\/\/jesus-maria.org\/claudina\/wp-json\/wp\/v2\/media?parent=1834"}],"curies":[{"name":"wp","href":"https:\/\/api.w.org\/{rel}","templated":true}]}}