{"id":1334,"date":"2018-07-20T13:34:15","date_gmt":"2018-07-20T13:34:15","guid":{"rendered":"http:\/\/jesus-maria.org\/claudina\/?page_id=1334"},"modified":"2021-02-04T07:22:44","modified_gmt":"2021-02-04T07:22:44","slug":"0-portada","status":"publish","type":"page","link":"https:\/\/jesus-maria.org\/claudina\/","title":{"rendered":"0-Portada"},"content":{"rendered":"<p>[vc_row][vc_column][vc_text_separator title=\u00bbNovedades\u00bb i_type=\u00bbtypicons\u00bb color=\u00bbjuicy_pink\u00bb add_icon=\u00bbtrue\u00bb][\/vc_column][\/vc_row][vc_row][vc_column width=\u00bb1\/3&#8243;][vc_single_image image=\u00bb1953&#8243; img_size=\u00bbmedium\u00bb alignment=\u00bbcenter\u00bb onclick=\u00bbcustom_link\u00bb img_link_target=\u00bb_blank\u00bb link=\u00bbhttps:\/\/drive.google.com\/drive\/folders\/19SAI0OfW2dXuFFNSR268Ca2TUZx1cTuT?usp=sharing\u00bb title=\u00bbSiguiendo a Claudina\u00bb][\/vc_column][vc_column width=\u00bb1\/3&#8243;][vc_single_image image=\u00bb1944&#8243; img_size=\u00bbmedium\u00bb alignment=\u00bbcenter\u00bb onclick=\u00bbcustom_link\u00bb img_link_target=\u00bb_blank\u00bb title=\u00bbVoces de mujeres\u00bb link=\u00bbhttps:\/\/drive.google.com\/drive\/folders\/11iaT1IyMhWjILSVr_xr1SO0V3PpcjXZc?usp=sharing\u00bb][\/vc_column][vc_column width=\u00bb1\/3&#8243;][vc_single_image image=\u00bb1880&#8243; img_size=\u00bbmedium\u00bb alignment=\u00bbcenter\u00bb onclick=\u00bbcustom_link\u00bb img_link_target=\u00bb_blank\u00bb title=\u00bbRecursos 2021&#8243; link=\u00bbhttps:\/\/drive.google.com\/drive\/folders\/1x406Crz_Bz0TNAFOFtZffoeSui4Qvkqn?usp=sharing\u00bb][\/vc_column][\/vc_row][vc_row][vc_column width=\u00bb1\/2&#8243;][vc_column_text][\/vc_column_text][\/vc_column][vc_column width=\u00bb1\/2&#8243;][vc_column_text css=\u00bb.vc_custom_1544544949123{margin-top: 3px !important;margin-right: 3px !important;margin-bottom: 3px !important;margin-left: 3px !important;border-top-width: 2px !important;border-right-width: 2px !important;border-bottom-width: 2px !important;border-left-width: 2px !important;border-left-color: #8bc34a !important;border-left-style: dotted !important;border-right-color: #8bc34a !important;border-right-style: dotted !important;border-top-color: #8bc34a !important;border-top-style: dotted !important;border-bottom-color: #8bc34a !important;border-bottom-style: dotted !important;}\u00bb]<\/p>\n<p style=\"text-align: justify;\"><span style=\"font-size: 14pt;\">Claudina Th\u00e9venet nace en <strong>Ly\u00f3n el 30 de marzo de 1774<\/strong>. Tras vivir las duras experiencias de la Revoluci\u00f3n Francesa y el&nbsp;<strong>fusilamiento de dos de sus hermanos<\/strong>, comprende que lo que el mundo necesita, urgentemente, es <strong>descubrir la existencia de un Dios bueno<\/strong> que quiere sin condiciones a los hombres. Esa es su experiencia personal y el legado que le dejaron sus dos hermanos antes de morir: <strong>\u201cPerdona como nosotros perdonados\u201d<\/strong>. Este momento marca un rumbo decisivo a su vida. Tiene 19 a\u00f1os. Ya antes de terminar la guerra, inicia un apostolado clandestino, defendiendo, junto con otras j\u00f3venes, la fe de Cristo y su mensaje evang\u00e9lico. No le dejan tampoco indiferente las palabras de sus hermanos.<\/span><\/p>\n<p style=\"text-align: right;\"><a href=\"http:\/\/jesus-maria.org\/claudina\/claudina-thevenet\/\"><span style=\"font-size: 14pt;\">Leer m\u00e1s&#8230;<\/span><\/a><\/p>\n<p>[\/vc_column_text][\/vc_column][\/vc_row][vc_row][vc_column][vc_separator color=\u00bbpink\u00bb][\/vc_column][\/vc_row][vc_row][vc_column width=\u00bb1\/4&#8243;][vc_text_separator title=\u00bb\u00c1lbum de familia\u00bb color=\u00bbpink\u00bb][vc_single_image image=\u00bb1356&#8243; img_size=\u00bbmedium\u00bb alignment=\u00bbcenter\u00bb onclick=\u00bbcustom_link\u00bb link=\u00bbhttp:\/\/jesus-maria.org\/claudina\/album-de-familia-2\/\u00bb][\/vc_column][vc_column width=\u00bb1\/4&#8243;][vc_text_separator title=\u00bbCartas\u00bb color=\u00bbpink\u00bb][vc_single_image image=\u00bb1440&#8243; img_size=\u00bbmedium\u00bb alignment=\u00bbcenter\u00bb onclick=\u00bbcustom_link\u00bb link=\u00bbhttp:\/\/jesus-maria.org\/claudina\/cartas\/\u00bb][vc_separator][\/vc_column][vc_column width=\u00bb1\/4&#8243;][vc_text_separator title=\u00bbDocumentos J-M\u00bb color=\u00bbpink\u00bb][vc_single_image image=\u00bb1359&#8243; img_size=\u00bbmedium\u00bb alignment=\u00bbcenter\u00bb onclick=\u00bbcustom_link\u00bb link=\u00bbhttp:\/\/jesus-maria.org\/claudina\/documentos-j-m\/\u00bb][\/vc_column][vc_column width=\u00bb1\/4&#8243;][vc_text_separator title=\u00bbRecursos\u00bb color=\u00bbpink\u00bb][vc_single_image image=\u00bb1364&#8243; img_size=\u00bbmedium\u00bb alignment=\u00bbcenter\u00bb onclick=\u00bbcustom_link\u00bb link=\u00bbhttp:\/\/jesus-maria.org\/claudina\/recursos\/\u00bb][\/vc_column][\/vc_row]<\/p>\n","protected":false},"excerpt":{"rendered":"<p>[vc_row][vc_column][vc_text_separator title=\u00bbNovedades\u00bb i_type=\u00bbtypicons\u00bb color=\u00bbjuicy_pink\u00bb add_icon=\u00bbtrue\u00bb][\/vc_column][\/vc_row][vc_row][vc_column width=\u00bb1\/3&#8243;][vc_single_image image=\u00bb1953&#8243; img_size=\u00bbmedium\u00bb alignment=\u00bbcenter\u00bb onclick=\u00bbcustom_link\u00bb [&hellip;]<\/p>\n","protected":false},"author":3,"featured_media":0,"parent":0,"menu_order":0,"comment_status":"closed","ping_status":"closed","template":"","meta":{"_et_pb_use_builder":"","_et_pb_old_content":"","_et_gb_content_width":"","footnotes":""},"_links":{"self":[{"href":"https:\/\/jesus-maria.org\/claudina\/wp-json\/wp\/v2\/pages\/1334"}],"collection":[{"href":"https:\/\/jesus-maria.org\/claudina\/wp-json\/wp\/v2\/pages"}],"about":[{"href":"https:\/\/jesus-maria.org\/claudina\/wp-json\/wp\/v2\/types\/page"}],"author":[{"embeddable":true,"href":"https:\/\/jesus-maria.org\/claudina\/wp-json\/wp\/v2\/users\/3"}],"replies":[{"embeddable":true,"href":"https:\/\/jesus-maria.org\/claudina\/wp-json\/wp\/v2\/comments?post=1334"}],"version-history":[{"count":56,"href":"https:\/\/jesus-maria.org\/claudina\/wp-json\/wp\/v2\/pages\/1334\/revisions"}],"predecessor-version":[{"id":1964,"href":"https:\/\/jesus-maria.org\/claudina\/wp-json\/wp\/v2\/pages\/1334\/revisions\/1964"}],"wp:attachment":[{"href":"https:\/\/jesus-maria.org\/claudina\/wp-json\/wp\/v2\/media?parent=1334"}],"curies":[{"name":"wp","href":"https:\/\/api.w.org\/{rel}","templated":true}]}}